{"id":144,"date":"2025-02-15T21:56:09","date_gmt":"2025-02-15T20:56:09","guid":{"rendered":"http:\/\/localhost\/fib\/?page_id=144"},"modified":"2025-02-20T13:10:22","modified_gmt":"2025-02-20T12:10:22","slug":"pronajem-salu","status":"publish","type":"page","link":"https:\/\/vyvoj.tomasvondra.cz\/projekt\/fib\/pronajem-salu\/","title":{"rendered":"Pron\u00e1jem s\u00e1l\u016f"},"content":{"rendered":"","protected":false},"excerpt":{"rendered":"","protected":false},"author":1,"featured_media":0,"parent":0,"menu_order":32,"comment_status":"closed","ping_status":"closed","template":"templates\/content-template.php","meta":{"_acf_changed":false,"footnotes":""},"class_list":["post-144","page","type-page","status-publish","hentry"],"acf":[],"yoast_head":"<!-- This site is optimized with the Yoast SEO plugin v23.0 - https:\/\/yoast.com\/wordpress\/plugins\/seo\/ -->\n<title>Pron\u00e1jem s\u00e1l\u016f - First International Ballet School in Prague<\/title>\n<meta name=\"robots\" content=\"noindex, follow, max-snippet:-1, max-image-preview:large, max-video-preview:-1\" \/>\n<meta property=\"og:locale\" content=\"cs_CZ\" \/>\n<meta property=\"og:type\" content=\"article\" \/>\n<meta property=\"og:title\" content=\"Pron\u00e1jem s\u00e1l\u016f - First International Ballet School in Prague\" \/>\n<meta property=\"og:url\" content=\"https:\/\/vyvoj.tomasvondra.cz\/projekt\/fib\/pronajem-salu\/\" \/>\n<meta property=\"og:site_name\" content=\"First International Ballet School in Prague\" \/>\n<meta property=\"article:modified_time\" content=\"2025-02-20T12:10:22+00:00\" \/>\n<meta name=\"twitter:card\" content=\"summary_large_image\" \/>\n<script type=\"application\/ld+json\" class=\"yoast-schema-graph\">{\"@context\":\"https:\/\/schema.org\",\"@graph\":[{\"@type\":\"WebPage\",\"@id\":\"https:\/\/vyvoj.tomasvondra.cz\/projekt\/fib\/pronajem-salu\/\",\"url\":\"https:\/\/vyvoj.tomasvondra.cz\/projekt\/fib\/pronajem-salu\/\",\"name\":\"Pron\u00e1jem s\u00e1l\u016f - First International Ballet School in Prague\",\"isPartOf\":{\"@id\":\"https:\/\/vyvoj.tomasvondra.cz\/projekt\/fib\/#website\"},\"datePublished\":\"2025-02-15T20:56:09+00:00\",\"dateModified\":\"2025-02-20T12:10:22+00:00\",\"breadcrumb\":{\"@id\":\"https:\/\/vyvoj.tomasvondra.cz\/projekt\/fib\/pronajem-salu\/#breadcrumb\"},\"inLanguage\":\"cs\",\"potentialAction\":[{\"@type\":\"ReadAction\",\"target\":[\"https:\/\/vyvoj.tomasvondra.cz\/projekt\/fib\/pronajem-salu\/\"]}]},{\"@type\":\"BreadcrumbList\",\"@id\":\"https:\/\/vyvoj.tomasvondra.cz\/projekt\/fib\/pronajem-salu\/#breadcrumb\",\"itemListElement\":[{\"@type\":\"ListItem\",\"position\":1,\"name\":\"Dom\u016f\",\"item\":\"https:\/\/vyvoj.tomasvondra.cz\/projekt\/fib\/\"},{\"@type\":\"ListItem\",\"position\":2,\"name\":\"Pron\u00e1jem s\u00e1l\u016f\"}]},{\"@type\":\"WebSite\",\"@id\":\"https:\/\/vyvoj.tomasvondra.cz\/projekt\/fib\/#website\",\"url\":\"https:\/\/vyvoj.tomasvondra.cz\/projekt\/fib\/\",\"name\":\"First International Ballet School in Prague\",\"description\":\"\",\"potentialAction\":[{\"@type\":\"SearchAction\",\"target\":{\"@type\":\"EntryPoint\",\"urlTemplate\":\"https:\/\/vyvoj.tomasvondra.cz\/projekt\/fib\/?s={search_term_string}\"},\"query-input\":\"required name=search_term_string\"}],\"inLanguage\":\"cs\"}]}<\/script>\n<!-- \/ Yoast SEO plugin. -->","yoast_head_json":{"title":"Pron\u00e1jem s\u00e1l\u016f - First International Ballet School in Prague","robots":{"index":"noindex","follow":"follow","max-snippet":"max-snippet:-1","max-image-preview":"max-image-preview:large","max-video-preview":"max-video-preview:-1"},"og_locale":"cs_CZ","og_type":"article","og_title":"Pron\u00e1jem s\u00e1l\u016f - First International Ballet School in Prague","og_url":"https:\/\/vyvoj.tomasvondra.cz\/projekt\/fib\/pronajem-salu\/","og_site_name":"First International Ballet School in Prague","article_modified_time":"2025-02-20T12:10:22+00:00","twitter_card":"summary_large_image","schema":{"@context":"https:\/\/schema.org","@graph":[{"@type":"WebPage","@id":"https:\/\/vyvoj.tomasvondra.cz\/projekt\/fib\/pronajem-salu\/","url":"https:\/\/vyvoj.tomasvondra.cz\/projekt\/fib\/pronajem-salu\/","name":"Pron\u00e1jem s\u00e1l\u016f - First International Ballet School in Prague","isPartOf":{"@id":"https:\/\/vyvoj.tomasvondra.cz\/projekt\/fib\/#website"},"datePublished":"2025-02-15T20:56:09+00:00","dateModified":"2025-02-20T12:10:22+00:00","breadcrumb":{"@id":"https:\/\/vyvoj.tomasvondra.cz\/projekt\/fib\/pronajem-salu\/#breadcrumb"},"inLanguage":"cs","potentialAction":[{"@type":"ReadAction","target":["https:\/\/vyvoj.tomasvondra.cz\/projekt\/fib\/pronajem-salu\/"]}]},{"@type":"BreadcrumbList","@id":"https:\/\/vyvoj.tomasvondra.cz\/projekt\/fib\/pronajem-salu\/#breadcrumb","itemListElement":[{"@type":"ListItem","position":1,"name":"Dom\u016f","item":"https:\/\/vyvoj.tomasvondra.cz\/projekt\/fib\/"},{"@type":"ListItem","position":2,"name":"Pron\u00e1jem s\u00e1l\u016f"}]},{"@type":"WebSite","@id":"https:\/\/vyvoj.tomasvondra.cz\/projekt\/fib\/#website","url":"https:\/\/vyvoj.tomasvondra.cz\/projekt\/fib\/","name":"First International Ballet School in Prague","description":"","potentialAction":[{"@type":"SearchAction","target":{"@type":"EntryPoint","urlTemplate":"https:\/\/vyvoj.tomasvondra.cz\/projekt\/fib\/?s={search_term_string}"},"query-input":"required name=search_term_string"}],"inLanguage":"cs"}]}},"_links":{"self":[{"href":"https:\/\/vyvoj.tomasvondra.cz\/projekt\/fib\/wp-json\/wp\/v2\/pages\/144","targetHints":{"allow":["GET"]}}],"collection":[{"href":"https:\/\/vyvoj.tomasvondra.cz\/projekt\/fib\/wp-json\/wp\/v2\/pages"}],"about":[{"href":"https:\/\/vyvoj.tomasvondra.cz\/projekt\/fib\/wp-json\/wp\/v2\/types\/page"}],"author":[{"embeddable":true,"href":"https:\/\/vyvoj.tomasvondra.cz\/projekt\/fib\/wp-json\/wp\/v2\/users\/1"}],"replies":[{"embeddable":true,"href":"https:\/\/vyvoj.tomasvondra.cz\/projekt\/fib\/wp-json\/wp\/v2\/comments?post=144"}],"version-history":[{"count":5,"href":"https:\/\/vyvoj.tomasvondra.cz\/projekt\/fib\/wp-json\/wp\/v2\/pages\/144\/revisions"}],"predecessor-version":[{"id":609,"href":"https:\/\/vyvoj.tomasvondra.cz\/projekt\/fib\/wp-json\/wp\/v2\/pages\/144\/revisions\/609"}],"wp:attachment":[{"href":"https:\/\/vyvoj.tomasvondra.cz\/projekt\/fib\/wp-json\/wp\/v2\/media?parent=144"}],"curies":[{"name":"wp","href":"https:\/\/api.w.org\/{rel}","templated":true}]}}